{"id":1449,"date":"2023-03-07T10:21:39","date_gmt":"2023-03-07T10:21:39","guid":{"rendered":"https:\/\/www.mammaroma.com\/cookies\/"},"modified":"2023-04-20T14:50:30","modified_gmt":"2023-04-20T14:50:30","slug":"cookies","status":"publish","type":"page","link":"https:\/\/www.mammaroma.com\/fr\/cookies\/","title":{"rendered":"Cookies"},"content":{"rendered":"<h2 class=\"h3\">Politique en mati\u00e8re de cookies et trackers (donn\u00e9es analytiques)<\/h2>\n<p>Un \u00ab cookie \u00bb est un ensemble de donn\u00e9es que le Site enregistre de mani\u00e8re temporaire ou permanente sur l\u2019\u00e9quipement de l\u2019Utilisateur par l\u2019interm\u00e9diaire de son navigateur internet.<\/p>\n<p>Le Site utilise des cookies afin de rendre la navigation plus efficace, utile et fiable. Certains de ces cookies sont indispensables au fonctionnement du Site ; d\u2019autres sont destin\u00e9s \u00e0 am\u00e9liorer les services fournis par la Soci\u00e9t\u00e9 et la navigation sur le Site.<\/p>\n<p>Un \u00ab tracker \u00bb est un ensemble de donn\u00e9es collect\u00e9es lors de la navigation sur le site et centralis\u00e9es sur un serveur partenaire.<\/p>\n<p>En acc\u00e9dant et en utilisant le Site, les Utilisateurs marquent express\u00e9ment leur accord avec la politique d\u2019utilisation des cookies et trackers de la Soci\u00e9t\u00e9.<\/p>\n<p>Le Site utilise les donn\u00e9es (cookies et trackers) suivantes :<\/p>\n<ul>\n<li>Les cookies n\u00e9cessaires \u00e0 l\u2019utilisation du Site : il s\u2019agit de cookies techniquement indispensables pour l\u2019exploitation du Site web, en ce qu\u2019ils assurent une bonne communication avec l\u2019Utilisateur et facilitent la navigation ;<\/li>\n<li>Les cookies fonctionnels : ils permettent d\u2019am\u00e9liorer la navigation et de donner aux Utilisateurs un acc\u00e8s \u00e0 leur recherche de mani\u00e8re plus ais\u00e9e. Ils permettent donc d\u2019activer des fonctionnalit\u00e9s sp\u00e9cifiques sur le Site et am\u00e9liore la convivialit\u00e9 et l\u2019exp\u00e9rience de l\u2019Utilisateur, notamment en se souvenant de ses choix de pr\u00e9f\u00e9rences (par exemple la langue) ;<\/li>\n<li>Les trackers : le Site utilise des donn\u00e9es de tra\u00e7age via Google Analytics, dans le but de mesurer les mani\u00e8res d\u2019interagir des utilisateurs avec le contenu du Site ; ils permettent de reconna\u00eetre et de compter le nombre d\u2019Utilisateurs et de voir leur comportement de navigation sur le Site web et g\u00e9n\u00e8rent les statistiques de visite de mani\u00e8re strictement anonyme ou non. Ces statistiques permettent continuellement d\u2019am\u00e9liorer le Site et d\u2019offrir \u00e0 l\u2019Utilisateur un contenu pertinent.<\/li>\n<\/ul>\n<p>Un aper\u00e7u des cookies utilis\u00e9s sur ce site est d\u00e9fini dans le tableau suivant :<\/p>\n<table class='gdpr-cookies-table'><tr><th>Name<\/th><th>Set by<\/th><th>Purpose<\/th><th>Lifetime<\/th><tr><tr><td>_ga<\/td><td>Google Analytics<\/td><td>Used to distinguish users.<\/td><td>2 years<\/td><\/tr><tr><td>cookie-agreed<\/td><td>Mamma Roma<\/td><td>This cookie is set when the visitor agrees to the cookie consent.<\/td><td>360<\/td><\/tr><\/table>\n<p>Le Site utilise Google Analytics pour avoir un aper\u00e7u du trafic sur le Site, l\u2019origine de ce trafic et les pages visit\u00e9es. Ceci signifie que Google agit en tant que sous-traitant de la Soci\u00e9t\u00e9. L\u2019information recueillie par Google Analytics est g\u00e9n\u00e9r\u00e9e le plus anonymement possible. Par exemple, il n\u2019est pas possible d\u2019identifier les personnes qui visitent le site web. Pour de plus amples informations, l\u2019Utilisateur est invit\u00e9 \u00e0 consulter la politique de Google en mati\u00e8re de protection des donn\u00e9es, disponible \u00e0 l\u2019adresse suivante :<a href=\"http:\/\/www.google.nl\/intl\/en_uk\/policies\/privacy\/\" target=\"_blank\" rel=\"noopener\"> http:\/\/www.google.nl\/intl\/en_uk\/policies\/privacy\/<\/a><\/p>\n<h2 class=\"h3\">Comment d\u00e9sactiver les cookies et trackers ?<\/h2>\n<p>La plupart des navigateurs web sont configur\u00e9s de mani\u00e8re \u00e0 accepter automatiquement les cookies. Par cons\u00e9quent, si les Utilisateurs souhaitent, dans les limites d\u00e9finies \u00e0 l\u2019article 3, refuser l\u2019utilisation des cookies, personnaliser leur gestion, il y a lieu de modifier les param\u00e8tres de leur navigateur.<\/p>\n<p>Dans l\u2019hypoth\u00e8se o\u00f9 l\u2019Utilisateur d\u00e9sactive certains cookies, il est possible que certaines parties du Site web ne soient pas consultables et\/ou utilisables, ou qu\u2019elles le soient seulement partiellement.<\/p>\n<p>Il est \u00e9galement possible de programmer le navigateur pour qu\u2019il envoie un avis lorsqu\u2019il est fait appel \u00e0 un cookie et ainsi d\u00e9cider de l\u2019accepter ou non.<\/p>\n<p>Si l\u2019Utilisateur souhaite bloquer des cookies, il y a lieu d\u2019utiliser le lien li\u00e9 \u00e0 son navigateur :<\/p>\n<ul>\n<li>Internet Explorer:\u00a0<a href=\"http:\/\/windows.microsoft.com\/en-us\/windows-vista\/block-or-allow-cookies\" target=\"_blank\" rel=\"noopener\">http:\/\/windows.microsoft.com\/en-us\/windows-vista\/block-or-allow-cookies<\/a><\/li>\n<li>Chrome:\u00a0<a href=\"http:\/\/support.google.com\/accounts\/answer\/61416?hl=en\" target=\"_blank\" rel=\"noopener\">http:\/\/support.google.com\/accounts\/answer\/61416?hl=en<\/a><\/li>\n<li>Firefox:\u00a0<a href=\"https:\/\/support.mozilla.org\/en-US\/kb\/enable-and-disable-cookies-website-preferences\" target=\"_blank\" rel=\"noopener\">https:\/\/support.mozilla.org\/en-US\/kb\/enable-and-disable-cookies-website-preferences<\/a><\/li>\n<li>Safari:\u00a0<a href=\"http:\/\/support.apple.com\/kb\/PH5042\" target=\"_blank\" rel=\"noopener\">http:\/\/support.apple.com\/kb\/PH5042<\/a><\/li>\n<\/ul>\n<p>Pour ne plus \u00eatre trac\u00e9 par Google Analytics sur aucun site web, il vous est loisible de consulter le site web suivant : <a href=\"http:\/\/tools.google.com\/dlpage\/gaoptout\" target=\"_blank\" rel=\"noopener\">http:\/\/tools.google.com\/dlpage\/gaoptout<\/a>.<\/p>\n","protected":false},"excerpt":{"rendered":"<p>Politique en mati\u00e8re de cookies et trackers (donn\u00e9es analytiques) Un \u00ab cookie \u00bb est un ensemble de donn\u00e9es que le [&hellip;]<\/p>\n","protected":false},"author":1,"featured_media":0,"parent":0,"menu_order":4,"comment_status":"closed","ping_status":"closed","template":"","meta":{"_acf_changed":false,"footnotes":""},"class_list":["post-1449","page","type-page","status-publish","hentry"],"acf":[],"_links":{"self":[{"href":"https:\/\/www.mammaroma.com\/fr\/wp-json\/wp\/v2\/pages\/1449","targetHints":{"allow":["GET"]}}],"collection":[{"href":"https:\/\/www.mammaroma.com\/fr\/wp-json\/wp\/v2\/pages"}],"about":[{"href":"https:\/\/www.mammaroma.com\/fr\/wp-json\/wp\/v2\/types\/page"}],"author":[{"embeddable":true,"href":"https:\/\/www.mammaroma.com\/fr\/wp-json\/wp\/v2\/users\/1"}],"replies":[{"embeddable":true,"href":"https:\/\/www.mammaroma.com\/fr\/wp-json\/wp\/v2\/comments?post=1449"}],"version-history":[{"count":5,"href":"https:\/\/www.mammaroma.com\/fr\/wp-json\/wp\/v2\/pages\/1449\/revisions"}],"predecessor-version":[{"id":2003,"href":"https:\/\/www.mammaroma.com\/fr\/wp-json\/wp\/v2\/pages\/1449\/revisions\/2003"}],"wp:attachment":[{"href":"https:\/\/www.mammaroma.com\/fr\/wp-json\/wp\/v2\/media?parent=1449"}],"curies":[{"name":"wp","href":"https:\/\/api.w.org\/{rel}","templated":true}]}}