{"id":1444,"date":"2023-03-07T15:34:37","date_gmt":"2023-03-07T15:34:37","guid":{"rendered":"https:\/\/www.mammaroma.com\/work-with-us\/"},"modified":"2023-06-18T22:14:46","modified_gmt":"2023-06-18T22:14:46","slug":"jobs","status":"publish","type":"page","link":"https:\/\/www.mammaroma.com\/fr\/jobs\/","title":{"rendered":"Mamma Roma, c&rsquo;est une histoire de talents"},"content":{"rendered":"<p>Mamma Roma n&rsquo;utilise que les meilleurs ingr\u00e9dients pour pr\u00e9parer une v\u00e9ritable pizza romaine. Mais ce sont bien nos collaborateurs qui assurent l&rsquo;excellence de notre service et installent une atmosph\u00e8re dans nos restaurants. Alors que nous continuons \u00e0 nous d\u00e9velopper, nous sommes toujours \u00e0 la recherche de personnes sympathiques et enthousiastes pour agrandir notre \u00e9quipe. Partageons ensemble la dolce vita !<\/p>\n","protected":false},"excerpt":{"rendered":"<p>Mamma Roma n&rsquo;utilise que les meilleurs ingr\u00e9dients pour pr\u00e9parer une v\u00e9ritable pizza romaine. Mais ce sont bien nos collaborateurs qui [&hellip;]<\/p>\n","protected":false},"author":1,"featured_media":2130,"parent":0,"menu_order":21,"comment_status":"closed","ping_status":"closed","template":"template-page\/page-jobs.php","meta":{"_acf_changed":false,"footnotes":""},"class_list":["post-1444","page","type-page","status-publish","has-post-thumbnail","hentry"],"acf":[],"_links":{"self":[{"href":"https:\/\/www.mammaroma.com\/fr\/wp-json\/wp\/v2\/pages\/1444","targetHints":{"allow":["GET"]}}],"collection":[{"href":"https:\/\/www.mammaroma.com\/fr\/wp-json\/wp\/v2\/pages"}],"about":[{"href":"https:\/\/www.mammaroma.com\/fr\/wp-json\/wp\/v2\/types\/page"}],"author":[{"embeddable":true,"href":"https:\/\/www.mammaroma.com\/fr\/wp-json\/wp\/v2\/users\/1"}],"replies":[{"embeddable":true,"href":"https:\/\/www.mammaroma.com\/fr\/wp-json\/wp\/v2\/comments?post=1444"}],"version-history":[{"count":10,"href":"https:\/\/www.mammaroma.com\/fr\/wp-json\/wp\/v2\/pages\/1444\/revisions"}],"predecessor-version":[{"id":2282,"href":"https:\/\/www.mammaroma.com\/fr\/wp-json\/wp\/v2\/pages\/1444\/revisions\/2282"}],"wp:featuredmedia":[{"embeddable":true,"href":"https:\/\/www.mammaroma.com\/fr\/wp-json\/wp\/v2\/media\/2130"}],"wp:attachment":[{"href":"https:\/\/www.mammaroma.com\/fr\/wp-json\/wp\/v2\/media?parent=1444"}],"curies":[{"name":"wp","href":"https:\/\/api.w.org\/{rel}","templated":true}]}}