{"id":1426,"date":"2023-03-07T15:35:01","date_gmt":"2023-03-07T15:35:01","guid":{"rendered":"https:\/\/www.mammaroma.com\/our-restaurants\/"},"modified":"2023-12-11T11:51:04","modified_gmt":"2023-12-11T11:51:04","slug":"restaurants","status":"publish","type":"page","link":"https:\/\/www.mammaroma.com\/fr\/restaurants\/","title":{"rendered":"Mamma Roma restaurants in city hot spots"},"content":{"rendered":"<p>La dolce vita pour tous. Go\u00fbtez \u00e0 l&rsquo;hospitalit\u00e9 romaine chez Mamma Roma. En un claquement de doigts, installez-vous confortablement \u00e0 table en famille, entre amis ou avec vos coll\u00e8gues.<\/p>\n<p>Vous nous trouverez au c\u0153ur des rues pav\u00e9es, entre le tumulte des Vespas et les bars branch\u00e9s \u00e0 l&rsquo;un de ces endroits.<\/p>\n","protected":false},"excerpt":{"rendered":"<p>La dolce vita pour tous. Go\u00fbtez \u00e0 l&rsquo;hospitalit\u00e9 romaine chez Mamma Roma. En un claquement de doigts, installez-vous confortablement \u00e0 [&hellip;]<\/p>\n","protected":false},"author":1,"featured_media":3073,"parent":0,"menu_order":25,"comment_status":"closed","ping_status":"closed","template":"template-page\/all-restaurants.php","meta":{"_acf_changed":false,"footnotes":""},"class_list":["post-1426","page","type-page","status-publish","has-post-thumbnail","hentry"],"acf":[],"_links":{"self":[{"href":"https:\/\/www.mammaroma.com\/fr\/wp-json\/wp\/v2\/pages\/1426","targetHints":{"allow":["GET"]}}],"collection":[{"href":"https:\/\/www.mammaroma.com\/fr\/wp-json\/wp\/v2\/pages"}],"about":[{"href":"https:\/\/www.mammaroma.com\/fr\/wp-json\/wp\/v2\/types\/page"}],"author":[{"embeddable":true,"href":"https:\/\/www.mammaroma.com\/fr\/wp-json\/wp\/v2\/users\/1"}],"replies":[{"embeddable":true,"href":"https:\/\/www.mammaroma.com\/fr\/wp-json\/wp\/v2\/comments?post=1426"}],"version-history":[{"count":2,"href":"https:\/\/www.mammaroma.com\/fr\/wp-json\/wp\/v2\/pages\/1426\/revisions"}],"predecessor-version":[{"id":3046,"href":"https:\/\/www.mammaroma.com\/fr\/wp-json\/wp\/v2\/pages\/1426\/revisions\/3046"}],"wp:featuredmedia":[{"embeddable":true,"href":"https:\/\/www.mammaroma.com\/fr\/wp-json\/wp\/v2\/media\/3073"}],"wp:attachment":[{"href":"https:\/\/www.mammaroma.com\/fr\/wp-json\/wp\/v2\/media?parent=1426"}],"curies":[{"name":"wp","href":"https:\/\/api.w.org\/{rel}","templated":true}]}}